{"id":225,"date":"2025-12-17T21:07:38","date_gmt":"2025-12-17T21:07:38","guid":{"rendered":"https:\/\/aramisolucionessl.es\/?post_type=product&#038;p=225"},"modified":"2025-12-17T21:07:38","modified_gmt":"2025-12-17T21:07:38","slug":"atico-de-lujo-en-el-barrio-de-salamanca","status":"publish","type":"product","link":"https:\/\/aramisolucionessl.es\/?product=atico-de-lujo-en-el-barrio-de-salamanca","title":{"rendered":"\u00c1tico de Lujo en el Barrio de Salamanca"},"content":{"rendered":"<p data-path-to-node=\"8,1,0\">Si buscas exclusividad y estatus, este <b>\u00e1tico de lujo en Madrid<\/b> es la propiedad definitiva. Situado en la zona m\u00e1s codiciada del Barrio de Salamanca, este inmueble destaca por su impresionante terraza orientada al sur, ideal para disfrutar del clima de la capital durante todo el a\u00f1o.<\/p>\n<p data-path-to-node=\"8,1,1\">La vivienda ha sido dise\u00f1ada por un reconocido estudio de arquitectura, priorizando la entrada de luz natural a trav\u00e9s de grandes ventanales. El sal\u00f3n principal es una pieza de arte en s\u00ed misma, con acceso directo a la zona exterior. La cocina es independiente y cuenta con acabados en m\u00e1rmol y zona de lavander\u00eda. Los dormitorios est\u00e1n dise\u00f1ados para el descanso absoluto, con sistemas de dom\u00f3tica y climatizaci\u00f3n por aerotermia. Vivir aqu\u00ed significa tener las mejores boutiques, restaurantes con estrella Michelin y el Parque del Retiro a tan solo unos minutos caminando.<\/p>\n","protected":false},"excerpt":{"rendered":"<p>Exclusivo \u00e1tico de 120 <span class=\"math-inline\" data-math=\"m^2\">$m^2$<\/span> m\u00e1s 40 <span class=\"math-inline\" data-math=\"m^2\">$m^2$<\/span> de terraza privada con vistas panor\u00e1micas al skyline madrile\u00f1o. Situado en la prestigiosa Milla de Oro, dispone de 3 habitaciones, techos abuhardillados y luz natural en todas las estancias.<\/p>\n","protected":false},"featured_media":75,"comment_status":"open","ping_status":"closed","template":"","meta":[],"product_brand":[],"product_cat":[15],"product_tag":[],"class_list":{"0":"post-225","1":"product","2":"type-product","3":"status-publish","4":"has-post-thumbnail","6":"product_cat-sin-categorizar","8":"first","9":"instock","10":"shipping-taxable","11":"purchasable","12":"product-type-simple"},"yoast_head":"<!-- This site is optimized with the Yoast SEO plugin v27.4 - https:\/\/yoast.com\/product\/yoast-seo-wordpress\/ -->\n<title>\u00c1tico de Lujo en el Barrio de Salamanca - aramisolucionessl.es<\/title>\n<meta name=\"robots\" content=\"index, follow, max-snippet:-1, max-image-preview:large, max-video-preview:-1\" \/>\n<link rel=\"canonical\" href=\"https:\/\/aramisolucionessl.es\/?product=atico-de-lujo-en-el-barrio-de-salamanca\" \/>\n<meta property=\"og:locale\" content=\"es_ES\" \/>\n<meta property=\"og:type\" content=\"article\" \/>\n<meta property=\"og:title\" content=\"\u00c1tico de Lujo en el Barrio de Salamanca - aramisolucionessl.es\" \/>\n<meta property=\"og:description\" content=\"Exclusivo \u00e1tico de 120 $m^2$ m\u00e1s 40 $m^2$ de terraza privada con vistas panor\u00e1micas al skyline madrile\u00f1o. Situado en la prestigiosa Milla de Oro, dispone de 3 habitaciones, techos abuhardillados y luz natural en todas las estancias.\" \/>\n<meta property=\"og:url\" content=\"https:\/\/aramisolucionessl.es\/?product=atico-de-lujo-en-el-barrio-de-salamanca\" \/>\n<meta property=\"og:site_name\" content=\"aramisolucionessl.es\" \/>\n<meta property=\"og:image\" content=\"https:\/\/aramisolucionessl.es\/wp-content\/uploads\/2025\/12\/testimonial-banner-min.jpg\" \/>\n\t<meta property=\"og:image:width\" content=\"1920\" \/>\n\t<meta property=\"og:image:height\" content=\"600\" \/>\n\t<meta property=\"og:image:type\" content=\"image\/jpeg\" \/>\n<meta name=\"twitter:card\" content=\"summary_large_image\" \/>\n<meta name=\"twitter:label1\" content=\"Tiempo de lectura\" \/>\n\t<meta name=\"twitter:data1\" content=\"1 minuto\" \/>\n<script type=\"application\/ld+json\" class=\"yoast-schema-graph\">{\"@context\":\"https:\\\/\\\/schema.org\",\"@graph\":[{\"@type\":\"WebPage\",\"@id\":\"https:\\\/\\\/aramisolucionessl.es\\\/?product=atico-de-lujo-en-el-barrio-de-salamanca\",\"url\":\"https:\\\/\\\/aramisolucionessl.es\\\/?product=atico-de-lujo-en-el-barrio-de-salamanca\",\"name\":\"\u00c1tico de Lujo en el Barrio de Salamanca - aramisolucionessl.es\",\"isPartOf\":{\"@id\":\"https:\\\/\\\/aramisolucionessl.es\\\/#website\"},\"primaryImageOfPage\":{\"@id\":\"https:\\\/\\\/aramisolucionessl.es\\\/?product=atico-de-lujo-en-el-barrio-de-salamanca#primaryimage\"},\"image\":{\"@id\":\"https:\\\/\\\/aramisolucionessl.es\\\/?product=atico-de-lujo-en-el-barrio-de-salamanca#primaryimage\"},\"thumbnailUrl\":\"https:\\\/\\\/aramisolucionessl.es\\\/wp-content\\\/uploads\\\/2025\\\/12\\\/testimonial-banner-min.jpg\",\"datePublished\":\"2025-12-17T21:07:38+00:00\",\"breadcrumb\":{\"@id\":\"https:\\\/\\\/aramisolucionessl.es\\\/?product=atico-de-lujo-en-el-barrio-de-salamanca#breadcrumb\"},\"inLanguage\":\"es\",\"potentialAction\":[{\"@type\":\"ReadAction\",\"target\":[\"https:\\\/\\\/aramisolucionessl.es\\\/?product=atico-de-lujo-en-el-barrio-de-salamanca\"]}]},{\"@type\":\"ImageObject\",\"inLanguage\":\"es\",\"@id\":\"https:\\\/\\\/aramisolucionessl.es\\\/?product=atico-de-lujo-en-el-barrio-de-salamanca#primaryimage\",\"url\":\"https:\\\/\\\/aramisolucionessl.es\\\/wp-content\\\/uploads\\\/2025\\\/12\\\/testimonial-banner-min.jpg\",\"contentUrl\":\"https:\\\/\\\/aramisolucionessl.es\\\/wp-content\\\/uploads\\\/2025\\\/12\\\/testimonial-banner-min.jpg\",\"width\":1920,\"height\":600},{\"@type\":\"BreadcrumbList\",\"@id\":\"https:\\\/\\\/aramisolucionessl.es\\\/?product=atico-de-lujo-en-el-barrio-de-salamanca#breadcrumb\",\"itemListElement\":[{\"@type\":\"ListItem\",\"position\":1,\"name\":\"Portada\",\"item\":\"https:\\\/\\\/aramisolucionessl.es\\\/\"},{\"@type\":\"ListItem\",\"position\":2,\"name\":\"Tienda\",\"item\":\"https:\\\/\\\/aramisolucionessl.es\\\/?page_id=5\"},{\"@type\":\"ListItem\",\"position\":3,\"name\":\"\u00c1tico de Lujo en el Barrio de Salamanca\"}]},{\"@type\":\"WebSite\",\"@id\":\"https:\\\/\\\/aramisolucionessl.es\\\/#website\",\"url\":\"https:\\\/\\\/aramisolucionessl.es\\\/\",\"name\":\"aramisolucionessl.es\",\"description\":\"\",\"potentialAction\":[{\"@type\":\"SearchAction\",\"target\":{\"@type\":\"EntryPoint\",\"urlTemplate\":\"https:\\\/\\\/aramisolucionessl.es\\\/?s={search_term_string}\"},\"query-input\":{\"@type\":\"PropertyValueSpecification\",\"valueRequired\":true,\"valueName\":\"search_term_string\"}}],\"inLanguage\":\"es\"}]}<\/script>\n<!-- \/ Yoast SEO plugin. -->","yoast_head_json":{"title":"\u00c1tico de Lujo en el Barrio de Salamanca - aramisolucionessl.es","robots":{"index":"index","follow":"follow","max-snippet":"max-snippet:-1","max-image-preview":"max-image-preview:large","max-video-preview":"max-video-preview:-1"},"canonical":"https:\/\/aramisolucionessl.es\/?product=atico-de-lujo-en-el-barrio-de-salamanca","og_locale":"es_ES","og_type":"article","og_title":"\u00c1tico de Lujo en el Barrio de Salamanca - aramisolucionessl.es","og_description":"Exclusivo \u00e1tico de 120 $m^2$ m\u00e1s 40 $m^2$ de terraza privada con vistas panor\u00e1micas al skyline madrile\u00f1o. Situado en la prestigiosa Milla de Oro, dispone de 3 habitaciones, techos abuhardillados y luz natural en todas las estancias.","og_url":"https:\/\/aramisolucionessl.es\/?product=atico-de-lujo-en-el-barrio-de-salamanca","og_site_name":"aramisolucionessl.es","og_image":[{"width":1920,"height":600,"url":"https:\/\/aramisolucionessl.es\/wp-content\/uploads\/2025\/12\/testimonial-banner-min.jpg","type":"image\/jpeg"}],"twitter_card":"summary_large_image","twitter_misc":{"Tiempo de lectura":"1 minuto"},"schema":{"@context":"https:\/\/schema.org","@graph":[{"@type":"WebPage","@id":"https:\/\/aramisolucionessl.es\/?product=atico-de-lujo-en-el-barrio-de-salamanca","url":"https:\/\/aramisolucionessl.es\/?product=atico-de-lujo-en-el-barrio-de-salamanca","name":"\u00c1tico de Lujo en el Barrio de Salamanca - aramisolucionessl.es","isPartOf":{"@id":"https:\/\/aramisolucionessl.es\/#website"},"primaryImageOfPage":{"@id":"https:\/\/aramisolucionessl.es\/?product=atico-de-lujo-en-el-barrio-de-salamanca#primaryimage"},"image":{"@id":"https:\/\/aramisolucionessl.es\/?product=atico-de-lujo-en-el-barrio-de-salamanca#primaryimage"},"thumbnailUrl":"https:\/\/aramisolucionessl.es\/wp-content\/uploads\/2025\/12\/testimonial-banner-min.jpg","datePublished":"2025-12-17T21:07:38+00:00","breadcrumb":{"@id":"https:\/\/aramisolucionessl.es\/?product=atico-de-lujo-en-el-barrio-de-salamanca#breadcrumb"},"inLanguage":"es","potentialAction":[{"@type":"ReadAction","target":["https:\/\/aramisolucionessl.es\/?product=atico-de-lujo-en-el-barrio-de-salamanca"]}]},{"@type":"ImageObject","inLanguage":"es","@id":"https:\/\/aramisolucionessl.es\/?product=atico-de-lujo-en-el-barrio-de-salamanca#primaryimage","url":"https:\/\/aramisolucionessl.es\/wp-content\/uploads\/2025\/12\/testimonial-banner-min.jpg","contentUrl":"https:\/\/aramisolucionessl.es\/wp-content\/uploads\/2025\/12\/testimonial-banner-min.jpg","width":1920,"height":600},{"@type":"BreadcrumbList","@id":"https:\/\/aramisolucionessl.es\/?product=atico-de-lujo-en-el-barrio-de-salamanca#breadcrumb","itemListElement":[{"@type":"ListItem","position":1,"name":"Portada","item":"https:\/\/aramisolucionessl.es\/"},{"@type":"ListItem","position":2,"name":"Tienda","item":"https:\/\/aramisolucionessl.es\/?page_id=5"},{"@type":"ListItem","position":3,"name":"\u00c1tico de Lujo en el Barrio de Salamanca"}]},{"@type":"WebSite","@id":"https:\/\/aramisolucionessl.es\/#website","url":"https:\/\/aramisolucionessl.es\/","name":"aramisolucionessl.es","description":"","potentialAction":[{"@type":"SearchAction","target":{"@type":"EntryPoint","urlTemplate":"https:\/\/aramisolucionessl.es\/?s={search_term_string}"},"query-input":{"@type":"PropertyValueSpecification","valueRequired":true,"valueName":"search_term_string"}}],"inLanguage":"es"}]}},"_links":{"self":[{"href":"https:\/\/aramisolucionessl.es\/index.php?rest_route=\/wp\/v2\/product\/225","targetHints":{"allow":["GET"]}}],"collection":[{"href":"https:\/\/aramisolucionessl.es\/index.php?rest_route=\/wp\/v2\/product"}],"about":[{"href":"https:\/\/aramisolucionessl.es\/index.php?rest_route=\/wp\/v2\/types\/product"}],"replies":[{"embeddable":true,"href":"https:\/\/aramisolucionessl.es\/index.php?rest_route=%2Fwp%2Fv2%2Fcomments&post=225"}],"wp:featuredmedia":[{"embeddable":true,"href":"https:\/\/aramisolucionessl.es\/index.php?rest_route=\/wp\/v2\/media\/75"}],"wp:attachment":[{"href":"https:\/\/aramisolucionessl.es\/index.php?rest_route=%2Fwp%2Fv2%2Fmedia&parent=225"}],"wp:term":[{"taxonomy":"product_brand","embeddable":true,"href":"https:\/\/aramisolucionessl.es\/index.php?rest_route=%2Fwp%2Fv2%2Fproduct_brand&post=225"},{"taxonomy":"product_cat","embeddable":true,"href":"https:\/\/aramisolucionessl.es\/index.php?rest_route=%2Fwp%2Fv2%2Fproduct_cat&post=225"},{"taxonomy":"product_tag","embeddable":true,"href":"https:\/\/aramisolucionessl.es\/index.php?rest_route=%2Fwp%2Fv2%2Fproduct_tag&post=225"}],"curies":[{"name":"wp","href":"https:\/\/api.w.org\/{rel}","templated":true}]}}