{"id":103,"date":"2025-12-17T19:02:51","date_gmt":"2025-12-17T19:02:51","guid":{"rendered":"https:\/\/aramisolucionessl.es\/?page_id=103"},"modified":"2025-12-17T19:02:53","modified_gmt":"2025-12-17T19:02:53","slug":"declaracion-de-accesibilidad","status":"publish","type":"page","link":"https:\/\/aramisolucionessl.es\/?page_id=103","title":{"rendered":"Declaraci\u00f3n de Accesibilidad"},"content":{"rendered":"\n<p>En la construcci\u00f3n de la p\u00e1gina web de <strong><a href=\"\"><\/a><a href=\"https:\/\/aramisolucionessl.es\" target=\"_blank\" rel=\"noreferrer noopener\">aramisolucionessl.es<\/a><\/strong> se han adoptado medidas con el objetivo de que el mayor n\u00famero posible de personas puedan llegar a la informaci\u00f3n que se transmite en ella, independientemente de las limitaciones de la persona o de las que se deriven del contexto de uso.<\/p>\n\n\n\n<p>As\u00ed, en la confecci\u00f3n del portal se han tenido en cuenta los siguientes aspectos:<\/p>\n\n\n\n<ul class=\"wp-block-list\">\n<li>Uso de CSS para la presentaci\u00f3n de la informaci\u00f3n.<\/li>\n\n\n\n<li>Etiquetas de marcaje.<\/li>\n\n\n\n<li>Sistemas de navegaci\u00f3n usables, intuitivos y alternativos.<\/li>\n\n\n\n<li>Descripciones alternativas en las im\u00e1genes.<\/li>\n\n\n\n<li>Verificaciones en la visualizaci\u00f3n con diferentes navegadores y dispositivos.<\/li>\n\n\n\n<li>Utilizaci\u00f3n de formatos universales y alternativos.<\/li>\n\n\n\n<li>Los enlaces ofrecen detalles de la funci\u00f3n o destino del hiperv\u00ednculo.<\/li>\n\n\n\n<li>Uso de los est\u00e1ndares del W3C.<\/li>\n\n\n\n<li>Acceso mediante atajos teclado a las principales opciones.<\/li>\n<\/ul>\n\n\n\n<h2 class=\"wp-block-heading\"><strong>Cumplimiento de los est\u00e1ndares<\/strong><\/h2>\n\n\n\n<p>Las p\u00e1ginas de este sitio Web cumplen la marca AA seg\u00fan la Norma UNE 139803:2004 y las Directrices de Accesibilidad para el Contenido Web 1.0 del W3C. Todos los requisitos de Prioridad 1 y Prioridad 2 y un subconjunto de los requisitos de Prioridad 3 han sido comprobados con un an\u00e1lisis manual de la accesibilidad a trav\u00e9s de diferentes herramientas semi-autom\u00e1ticas y agentes de usuario.<\/p>\n\n\n\n<h2 class=\"wp-block-heading\"><strong>Atajos de teclado<\/strong><\/h2>\n\n\n\n<p>En esta Web puede hacer saltos ordenados en el contenido con la tecla Tab.<\/p>\n\n\n\n<h2 class=\"wp-block-heading\"><strong>Tama\u00f1o del texto<\/strong><\/h2>\n\n\n\n<p>El dise\u00f1o accesible permite que el usuario pueda ajustar las fuentes al tama\u00f1o que le convenga. Esta acci\u00f3n puede llevarse a cabo de diferentes maneras seg\u00fan el navegador web que se utilice. A continuaci\u00f3n se indica la acci\u00f3n de men\u00fa donde se encuentra esta funcionalidad en los navegadores m\u00e1s frecuentes:<\/p>\n\n\n\n<ul class=\"wp-block-list\">\n<li>Mozilla Firefox: Ver > Tama\u00f1o de texto > Incrementar Internet<\/li>\n\n\n\n<li>Internet Explorer: Ver > Tama\u00f1o de texto > M\u00e1s grande<\/li>\n\n\n\n<li>Opera: View > Zoom > %<\/li>\n\n\n\n<li>Safari: View > Make text bigger<\/li>\n\n\n\n<li>Google Chrome: Herramientas > Zoom<\/li>\n<\/ul>\n\n\n\n<h2 class=\"wp-block-heading\"><strong>Configuraci\u00f3n t\u00e9cnica<\/strong><\/h2>\n\n\n\n<p>Las p\u00e1ginas web est\u00e1n creadas con el CMS WordPress 6.1.1.<\/p>\n\n\n\n<h2 class=\"wp-block-heading\"><strong>Informaci\u00f3n \u00fatil sobre la accesibilidad<\/strong><\/h2>\n\n\n\n<p>Seguidamente se exponen una serie de enlaces organizados en diferentes categor\u00edas \u00fatiles para obtener m\u00e1s informaci\u00f3n sobre la accesibilidad.<\/p>\n\n\n\n<h2 class=\"wp-block-heading\"><strong>Accesibilidad normas y documentos t\u00e9cnicos:<\/strong><\/h2>\n\n\n\n<p><a href=\"http:\/\/www.w3c.org\/\">http:\/\/www.w3c.org\/<br><\/a>Consorcio World Wide Web, grupo de trabajo de \u00e1mbito internacional que dicta l\u00edneas generales relacionadas con la web.<\/p>\n\n\n\n<p><a href=\"http:\/\/www.w3c.org\/wai\/\">http:\/\/www.w3c.org\/wai\/<br><\/a>Iniciativa de Accesibilidad Web del W3C.<\/p>\n","protected":false},"excerpt":{"rendered":"<p>En la construcci\u00f3n de la p\u00e1gina web de aramisolucionessl.es se han adoptado medidas con el objetivo de que el mayor n\u00famero posible de personas puedan llegar a la informaci\u00f3n que se transmite en ella, independientemente de las limitaciones de la persona o de las que se deriven del contexto de uso. As\u00ed, en la confecci\u00f3n [&hellip;]<\/p>\n","protected":false},"author":1,"featured_media":0,"parent":0,"menu_order":0,"comment_status":"closed","ping_status":"closed","template":"","meta":{"footnotes":""},"class_list":["post-103","page","type-page","status-publish","hentry"],"yoast_head":"<!-- This site is optimized with the Yoast SEO plugin v26.6 - https:\/\/yoast.com\/wordpress\/plugins\/seo\/ -->\n<title>Declaraci\u00f3n de Accesibilidad - aramisolucionessl.es<\/title>\n<meta name=\"robots\" content=\"noindex, nofollow\" \/>\n<meta property=\"og:locale\" content=\"es_ES\" \/>\n<meta property=\"og:type\" content=\"article\" \/>\n<meta property=\"og:title\" content=\"Declaraci\u00f3n de Accesibilidad - aramisolucionessl.es\" \/>\n<meta property=\"og:description\" content=\"En la construcci\u00f3n de la p\u00e1gina web de aramisolucionessl.es se han adoptado medidas con el objetivo de que el mayor n\u00famero posible de personas puedan llegar a la informaci\u00f3n que se transmite en ella, independientemente de las limitaciones de la persona o de las que se deriven del contexto de uso. As\u00ed, en la confecci\u00f3n [&hellip;]\" \/>\n<meta property=\"og:url\" content=\"https:\/\/aramisolucionessl.es\/?page_id=103\" \/>\n<meta property=\"og:site_name\" content=\"aramisolucionessl.es\" \/>\n<meta property=\"article:modified_time\" content=\"2025-12-17T19:02:53+00:00\" \/>\n<meta name=\"twitter:card\" content=\"summary_large_image\" \/>\n<meta name=\"twitter:label1\" content=\"Tiempo de lectura\" \/>\n\t<meta name=\"twitter:data1\" content=\"2 minutos\" \/>\n<script type=\"application\/ld+json\" class=\"yoast-schema-graph\">{\"@context\":\"https:\/\/schema.org\",\"@graph\":[{\"@type\":\"WebPage\",\"@id\":\"https:\/\/aramisolucionessl.es\/?page_id=103\",\"url\":\"https:\/\/aramisolucionessl.es\/?page_id=103\",\"name\":\"Declaraci\u00f3n de Accesibilidad - aramisolucionessl.es\",\"isPartOf\":{\"@id\":\"https:\/\/aramisolucionessl.es\/#website\"},\"datePublished\":\"2025-12-17T19:02:51+00:00\",\"dateModified\":\"2025-12-17T19:02:53+00:00\",\"breadcrumb\":{\"@id\":\"https:\/\/aramisolucionessl.es\/?page_id=103#breadcrumb\"},\"inLanguage\":\"es\",\"potentialAction\":[{\"@type\":\"ReadAction\",\"target\":[\"https:\/\/aramisolucionessl.es\/?page_id=103\"]}]},{\"@type\":\"BreadcrumbList\",\"@id\":\"https:\/\/aramisolucionessl.es\/?page_id=103#breadcrumb\",\"itemListElement\":[{\"@type\":\"ListItem\",\"position\":1,\"name\":\"Portada\",\"item\":\"https:\/\/aramisolucionessl.es\/\"},{\"@type\":\"ListItem\",\"position\":2,\"name\":\"Declaraci\u00f3n de Accesibilidad\"}]},{\"@type\":\"WebSite\",\"@id\":\"https:\/\/aramisolucionessl.es\/#website\",\"url\":\"https:\/\/aramisolucionessl.es\/\",\"name\":\"aramisolucionessl.es\",\"description\":\"\",\"potentialAction\":[{\"@type\":\"SearchAction\",\"target\":{\"@type\":\"EntryPoint\",\"urlTemplate\":\"https:\/\/aramisolucionessl.es\/?s={search_term_string}\"},\"query-input\":{\"@type\":\"PropertyValueSpecification\",\"valueRequired\":true,\"valueName\":\"search_term_string\"}}],\"inLanguage\":\"es\"}]}<\/script>\n<!-- \/ Yoast SEO plugin. -->","yoast_head_json":{"title":"Declaraci\u00f3n de Accesibilidad - aramisolucionessl.es","robots":{"index":"noindex","follow":"nofollow"},"og_locale":"es_ES","og_type":"article","og_title":"Declaraci\u00f3n de Accesibilidad - aramisolucionessl.es","og_description":"En la construcci\u00f3n de la p\u00e1gina web de aramisolucionessl.es se han adoptado medidas con el objetivo de que el mayor n\u00famero posible de personas puedan llegar a la informaci\u00f3n que se transmite en ella, independientemente de las limitaciones de la persona o de las que se deriven del contexto de uso. As\u00ed, en la confecci\u00f3n [&hellip;]","og_url":"https:\/\/aramisolucionessl.es\/?page_id=103","og_site_name":"aramisolucionessl.es","article_modified_time":"2025-12-17T19:02:53+00:00","twitter_card":"summary_large_image","twitter_misc":{"Tiempo de lectura":"2 minutos"},"schema":{"@context":"https:\/\/schema.org","@graph":[{"@type":"WebPage","@id":"https:\/\/aramisolucionessl.es\/?page_id=103","url":"https:\/\/aramisolucionessl.es\/?page_id=103","name":"Declaraci\u00f3n de Accesibilidad - aramisolucionessl.es","isPartOf":{"@id":"https:\/\/aramisolucionessl.es\/#website"},"datePublished":"2025-12-17T19:02:51+00:00","dateModified":"2025-12-17T19:02:53+00:00","breadcrumb":{"@id":"https:\/\/aramisolucionessl.es\/?page_id=103#breadcrumb"},"inLanguage":"es","potentialAction":[{"@type":"ReadAction","target":["https:\/\/aramisolucionessl.es\/?page_id=103"]}]},{"@type":"BreadcrumbList","@id":"https:\/\/aramisolucionessl.es\/?page_id=103#breadcrumb","itemListElement":[{"@type":"ListItem","position":1,"name":"Portada","item":"https:\/\/aramisolucionessl.es\/"},{"@type":"ListItem","position":2,"name":"Declaraci\u00f3n de Accesibilidad"}]},{"@type":"WebSite","@id":"https:\/\/aramisolucionessl.es\/#website","url":"https:\/\/aramisolucionessl.es\/","name":"aramisolucionessl.es","description":"","potentialAction":[{"@type":"SearchAction","target":{"@type":"EntryPoint","urlTemplate":"https:\/\/aramisolucionessl.es\/?s={search_term_string}"},"query-input":{"@type":"PropertyValueSpecification","valueRequired":true,"valueName":"search_term_string"}}],"inLanguage":"es"}]}},"_links":{"self":[{"href":"https:\/\/aramisolucionessl.es\/index.php?rest_route=\/wp\/v2\/pages\/103","targetHints":{"allow":["GET"]}}],"collection":[{"href":"https:\/\/aramisolucionessl.es\/index.php?rest_route=\/wp\/v2\/pages"}],"about":[{"href":"https:\/\/aramisolucionessl.es\/index.php?rest_route=\/wp\/v2\/types\/page"}],"author":[{"embeddable":true,"href":"https:\/\/aramisolucionessl.es\/index.php?rest_route=\/wp\/v2\/users\/1"}],"replies":[{"embeddable":true,"href":"https:\/\/aramisolucionessl.es\/index.php?rest_route=%2Fwp%2Fv2%2Fcomments&post=103"}],"version-history":[{"count":1,"href":"https:\/\/aramisolucionessl.es\/index.php?rest_route=\/wp\/v2\/pages\/103\/revisions"}],"predecessor-version":[{"id":111,"href":"https:\/\/aramisolucionessl.es\/index.php?rest_route=\/wp\/v2\/pages\/103\/revisions\/111"}],"wp:attachment":[{"href":"https:\/\/aramisolucionessl.es\/index.php?rest_route=%2Fwp%2Fv2%2Fmedia&parent=103"}],"curies":[{"name":"wp","href":"https:\/\/api.w.org\/{rel}","templated":true}]}}